{"id":222,"date":"2023-02-27T18:54:13","date_gmt":"2023-02-27T18:54:13","guid":{"rendered":"https:\/\/www.prosiavi.com\/sitio\/?post_type=product&#038;p=222"},"modified":"2024-11-19T14:16:53","modified_gmt":"2024-11-19T14:16:53","slug":"control-remoto-universal-wifi","status":"publish","type":"product","link":"https:\/\/prosiavi.com\/sitio\/producto\/control-remoto-universal-wifi\/","title":{"rendered":"Control Remoto Universal Wifi"},"content":{"rendered":"<p>Con nuestro Control Remoto Universal WiFi, podr\u00e1s controlar todos tus dispositivos infrarrojos desde tu smartphone o mediante los asistentes de inteligencia artificial Alexa y Google Assistant. Podr\u00e1s encender y apagar tu televisor, aire acondicionado, sistema de sonido, y m\u00e1s, desde cualquier lugar de tu hogar.<\/p>\n<p>Adem\u00e1s, nuestro control remoto universal te permitir\u00e1 programar horarios de encendido y apagado para tus dispositivos, lo que te ayudar\u00e1 a ahorrar energ\u00eda y dinero. Tambi\u00e9n puedes personalizar tus propias rutinas de control, lo que hace que sea a\u00fan m\u00e1s f\u00e1cil y conveniente.<\/p>\n<p>La instalaci\u00f3n de nuestro control remoto universal es muy sencilla y no requiere de ninguna herramienta especial. Solo necesitas conectar el dispositivo a la red WiFi de tu hogar y seguir los pasos de la aplicaci\u00f3n m\u00f3vil para configurarlo.<\/p>\n<p>En resumen, nuestro Control Remoto Universal WiFi es una soluci\u00f3n inteligente y conveniente para controlar tus dispositivos infrarrojos en casa. Con su compatibilidad con asistentes de inteligencia artificial, su f\u00e1cil instalaci\u00f3n y su capacidad de programaci\u00f3n, podr\u00e1s disfrutar de un control m\u00e1s eficiente y personalizado de tus dispositivos electr\u00f3nicos.<\/p>\n","protected":false},"excerpt":{"rendered":"<p>Nuestro Control Remoto Universal WiFi te permite controlar todos tus dispositivos infrarrojos desde tu smartphone o mediante los asistentes de inteligencia artificial Alexa y Google Assistant. Podr\u00e1s programar horarios de encendido y apagado, y personalizar tus propias rutinas de control, lo que lo hace una soluci\u00f3n inteligente y conveniente para controlar tus dispositivos electr\u00f3nicos en casa.<\/p>\n","protected":false},"featured_media":223,"comment_status":"open","ping_status":"closed","template":"","meta":{"_et_pb_use_builder":"","_et_pb_old_content":"","_et_gb_content_width":""},"product_brand":[],"product_cat":[18,26],"product_tag":[],"class_list":{"0":"post-222","1":"product","2":"type-product","3":"status-publish","4":"has-post-thumbnail","6":"product_cat-casa-inteligente","7":"product_cat-control","9":"first","10":"instock","11":"shipping-taxable","12":"purchasable","13":"product-type-simple"},"_links":{"self":[{"href":"https:\/\/prosiavi.com\/sitio\/wp-json\/wp\/v2\/product\/222","targetHints":{"allow":["GET"]}}],"collection":[{"href":"https:\/\/prosiavi.com\/sitio\/wp-json\/wp\/v2\/product"}],"about":[{"href":"https:\/\/prosiavi.com\/sitio\/wp-json\/wp\/v2\/types\/product"}],"replies":[{"embeddable":true,"href":"https:\/\/prosiavi.com\/sitio\/wp-json\/wp\/v2\/comments?post=222"}],"wp:featuredmedia":[{"embeddable":true,"href":"https:\/\/prosiavi.com\/sitio\/wp-json\/wp\/v2\/media\/223"}],"wp:attachment":[{"href":"https:\/\/prosiavi.com\/sitio\/wp-json\/wp\/v2\/media?parent=222"}],"wp:term":[{"taxonomy":"product_brand","embeddable":true,"href":"https:\/\/prosiavi.com\/sitio\/wp-json\/wp\/v2\/product_brand?post=222"},{"taxonomy":"product_cat","embeddable":true,"href":"https:\/\/prosiavi.com\/sitio\/wp-json\/wp\/v2\/product_cat?post=222"},{"taxonomy":"product_tag","embeddable":true,"href":"https:\/\/prosiavi.com\/sitio\/wp-json\/wp\/v2\/product_tag?post=222"}],"curies":[{"name":"wp","href":"https:\/\/api.w.org\/{rel}","templated":true}]}}